{"id":108,"date":"2025-05-14T18:25:06","date_gmt":"2025-05-14T18:25:06","guid":{"rendered":"https:\/\/cudecoop.coop\/6toencuentro\/?page_id=108"},"modified":"2025-05-20T19:34:42","modified_gmt":"2025-05-20T19:34:42","slug":"preguntas-frecuentes","status":"publish","type":"page","link":"https:\/\/cudecoop.coop\/6toencuentro\/preguntas-frecuentes\/","title":{"rendered":"Preguntas frecuentes"},"content":{"rendered":"<div class=\"wpb-content-wrapper\"><p>[vc_row full_width=\u00bbstretch_row\u00bb][vc_column][vc_empty_space height=\u00bb100px\u00bb][vc_column_text css_animation=\u00bbfadeInUp\u00bb css=\u00bb\u00bb]<\/p>\n<h1>Preguntas frecuentes<\/h1>\n<p>[\/vc_column_text][vc_empty_space height=\u00bb60px\u00bb][\/vc_column][\/vc_row][vc_row full_width=\u00bbstretch_row\u00bb][vc_column][vc_column_text css_animation=\u00bbfadeInUp\u00bb css=\u00bb\u00bb]<\/p>\n<h3>\u00bfQui\u00e9nes pueden participar del 6to Encuentro Nacional de Cooperativas?<\/h3>\n<p>[\/vc_column_text][vc_column_text css_animation=\u00bbfadeInUp\u00bb css=\u00bb\u00bb]<\/p>\n<h6><span style=\"font-weight: 400;\">Pueden participar cooperativistas de todo el pa\u00eds: integrantes de cooperativas, federaciones, organismos de apoyo, y tambi\u00e9n personas interesadas en el movimiento cooperativo y la econom\u00eda social.<\/span><\/h6>\n<p>[\/vc_column_text][vc_separator color=\u00bbjuicy_pink\u00bb css_animation=\u00bbfadeInUp\u00bb css=\u00bb\u00bb][vc_empty_space][\/vc_column][\/vc_row][vc_row full_width=\u00bbstretch_row\u00bb][vc_column][vc_column_text css_animation=\u00bbfadeInUp\u00bb css=\u00bb\u00bb]<\/p>\n<h3>\u00bfTiene costo la participaci\u00f3n?<\/h3>\n<p>[\/vc_column_text][vc_column_text css_animation=\u00bbfadeInUp\u00bb css=\u00bb\u00bb]<\/p>\n<h6><span style=\"font-weight: 400;\">S\u00ed. Las acreditaciones del Encuentro tienen un valor de $1000 por participante. Pronto anunciaremos que tendremos promociones por inscripci\u00f3n temprana y por participaci\u00f3n grupa. <\/span><\/h6>\n<p>[\/vc_column_text][vc_separator color=\u00bbjuicy_pink\u00bb css_animation=\u00bbfadeInUp\u00bb css=\u00bb\u00bb][vc_empty_space][\/vc_column][\/vc_row][vc_row full_width=\u00bbstretch_row\u00bb][vc_column][vc_column_text css_animation=\u00bbfadeInUp\u00bb css=\u00bb\u00bb]<\/p>\n<h3>\u00bfQu\u00e9 incluye la inscripci\u00f3n?<\/h3>\n<p>[\/vc_column_text][vc_column_text css_animation=\u00bbfadeInUp\u00bb css=\u00bb\u00bb]<\/p>\n<h6><span style=\"font-weight: 400;\">La inscripci\u00f3n incluye acceso a todas las actividades del Encuentro, materiales de trabajo, certificado de participaci\u00f3n y acceso a espacios de intercambio y alimentaci\u00f3n durante el evento. <\/span><\/h6>\n<p>[\/vc_column_text][vc_separator color=\u00bbjuicy_pink\u00bb css_animation=\u00bbfadeInUp\u00bb css=\u00bb\u00bb][vc_empty_space][\/vc_column][\/vc_row][vc_row full_width=\u00bbstretch_row\u00bb][vc_column][vc_column_text css_animation=\u00bbfadeInUp\u00bb css=\u00bb\u00bb]<\/p>\n<h3>\u00bfD\u00f3nde se realiza el Encuentro?<\/h3>\n<p>[\/vc_column_text][vc_column_text css_animation=\u00bbfadeInUp\u00bb css=\u00bb\u00bb]<\/p>\n<h6><span style=\"font-weight: 400;\">El evento central se realizar\u00e1 en el Palacio Municipal de <\/span><b>Montevideo<\/b><span style=\"font-weight: 400;\">.<\/span><\/h6>\n<p>[\/vc_column_text][vc_separator color=\u00bbjuicy_pink\u00bb css_animation=\u00bbfadeInUp\u00bb css=\u00bb\u00bb][vc_empty_space][\/vc_column][\/vc_row][vc_row full_width=\u00bbstretch_row\u00bb][vc_column][vc_column_text css_animation=\u00bbfadeInUp\u00bb css=\u00bb\u00bb]<\/p>\n<h3>\u00bfPuedo participar en los encuentros preparatorios?<\/h3>\n<p>[\/vc_column_text][vc_column_text css_animation=\u00bbfadeInUp\u00bb css=\u00bb\u00bb]<\/p>\n<h6><span style=\"font-weight: 400;\">S\u00ed. Estos encuentros se realizan por zonas en tres partes del pa\u00eds. Podes participar en el que te quede m\u00e1s pr\u00f3ximo.<\/span><\/h6>\n<p>[\/vc_column_text][vc_separator color=\u00bbjuicy_pink\u00bb css_animation=\u00bbfadeInUp\u00bb css=\u00bb\u00bb][vc_empty_space][\/vc_column][\/vc_row][vc_row full_width=\u00bbstretch_row\u00bb][vc_column][vc_column_text css_animation=\u00bbfadeInUp\u00bb css=\u00bb\u00bb]<\/p>\n<h3>\u00bfC\u00f3mo puedo sumar aportes al documento base del Encuentro?<\/h3>\n<p>[\/vc_column_text][vc_column_text css_animation=\u00bbfadeInUp\u00bb css=\u00bb\u00bb]<\/p>\n<h6><span style=\"font-weight: 400;\">Los aportes se realizan en los encuentros preparatorios regionales. <\/span><\/h6>\n<p>[\/vc_column_text][vc_separator color=\u00bbjuicy_pink\u00bb css_animation=\u00bbfadeInUp\u00bb css=\u00bb\u00bb][vc_empty_space][\/vc_column][\/vc_row][vc_row full_width=\u00bbstretch_row\u00bb][vc_column][vc_empty_space height=\u00bb50px\u00bb][\/vc_column][\/vc_row][vc_row full_width=\u00bbstretch_row\u00bb css=\u00bb.vc_custom_1747426747608{background-color: #E8C4F7 !important;}\u00bb row_title=\u00bbSeguinos\u00bb][vc_column width=\u00bb2\/3&#8243;][vc_empty_space height=\u00bb120px\u00bb][vc_column_text css_animation=\u00bbfadeInUp\u00bb css=\u00bb\u00bb]<\/p>\n<h1 style=\"text-align: left;\"><span style=\"color: #f24c4b;\">Seguinos<\/span><\/h1>\n<p>[\/vc_column_text][vc_empty_space height=\u00bb34px\u00bb][vc_column_text css_animation=\u00bbfadeInUp\u00bb css=\u00bb\u00bb]<\/p>\n<h3><span style=\"color: #f24c4b;\">Mantenete al tanto de todas las novedades en nuestras redes y compart\u00ed tus ideas usando el hashtag <strong>#EncuentroCooperativo2025<\/strong><\/span><\/h3>\n<p>[\/vc_column_text][vc_empty_space height=\u00bb34px\u00bb][lab_vc_social_networks display_type=\u00bbrounded-icons\u00bb colored=\u00bbtext\u00bb][vc_empty_space height=\u00bb120px\u00bb][\/vc_column][vc_column width=\u00bb1\/3&#8243;][\/vc_column][\/vc_row]<\/p>\n<\/div>","protected":false},"excerpt":{"rendered":"<p>[vc_row full_width=\u00bbstretch_row\u00bb][vc_column][vc_empty_space height=\u00bb100px\u00bb][vc_column_text css_animation=\u00bbfadeInUp\u00bb css=\u00bb\u00bb] Preguntas frecuentes [\/vc_column_text][vc_empty_space height=\u00bb60px\u00bb][\/vc_column][\/vc_row][vc_row full_width=\u00bbstretch_row\u00bb][vc_column][vc_column_text css_animation=\u00bbfadeInUp\u00bb css=\u00bb\u00bb] \u00bfQui\u00e9nes pueden participar del 6to Encuentro Nacional de Cooperativas? [\/vc_column_text][vc_column_text css_animation=\u00bbfadeInUp\u00bb css=\u00bb\u00bb] Pueden participar cooperativistas de todo el pa\u00eds: integrantes de cooperativas, federaciones, organismos de apoyo, y tambi\u00e9n personas interesadas en el movimiento cooperativo y la econom\u00eda social. [\/vc_column_text][vc_separator color=\u00bbjuicy_pink\u00bb css_animation=\u00bbfadeInUp\u00bb css=\u00bb\u00bb][vc_empty_space][\/vc_column][\/vc_row][vc_row full_width=\u00bbstretch_row\u00bb][vc_column][vc_column_text&hellip;<\/p>\n","protected":false},"author":2,"featured_media":0,"parent":0,"menu_order":0,"comment_status":"closed","ping_status":"closed","template":"","meta":{"_acf_changed":false,"footnotes":""},"class_list":["post-108","page","type-page","status-publish","hentry"],"acf":[],"_links":{"self":[{"href":"https:\/\/cudecoop.coop\/6toencuentro\/wp-json\/wp\/v2\/pages\/108","targetHints":{"allow":["GET"]}}],"collection":[{"href":"https:\/\/cudecoop.coop\/6toencuentro\/wp-json\/wp\/v2\/pages"}],"about":[{"href":"https:\/\/cudecoop.coop\/6toencuentro\/wp-json\/wp\/v2\/types\/page"}],"author":[{"embeddable":true,"href":"https:\/\/cudecoop.coop\/6toencuentro\/wp-json\/wp\/v2\/users\/2"}],"replies":[{"embeddable":true,"href":"https:\/\/cudecoop.coop\/6toencuentro\/wp-json\/wp\/v2\/comments?post=108"}],"version-history":[{"count":25,"href":"https:\/\/cudecoop.coop\/6toencuentro\/wp-json\/wp\/v2\/pages\/108\/revisions"}],"predecessor-version":[{"id":204,"href":"https:\/\/cudecoop.coop\/6toencuentro\/wp-json\/wp\/v2\/pages\/108\/revisions\/204"}],"wp:attachment":[{"href":"https:\/\/cudecoop.coop\/6toencuentro\/wp-json\/wp\/v2\/media?parent=108"}],"curies":[{"name":"wp","href":"https:\/\/api.w.org\/{rel}","templated":true}]}}