{"id":57,"date":"2025-05-14T18:25:06","date_gmt":"2025-05-14T18:25:06","guid":{"rendered":"https:\/\/cudecoop.coop\/6toencuentro\/?page_id=57"},"modified":"2025-11-17T20:11:32","modified_gmt":"2025-11-17T20:11:32","slug":"inicio-2","status":"publish","type":"page","link":"https:\/\/cudecoop.coop\/6toencuentro\/","title":{"rendered":"Inicio"},"content":{"rendered":"<div class=\"wpb-content-wrapper\"><p>[vc_row full_width=\u00bbstretch_row\u00bb full_height=\u00bbyes\u00bb content_placement=\u00bbmiddle\u00bb parallax=\u00bbcontent-moving\u00bb parallax_image=\u00bb209&#8243; css_animation=\u00bbnone\u00bb css=\u00bb.vc_custom_1747772797699{background-color: #E8C4F7 !important;}\u00bb][vc_column width=\u00bb1\/2&#8243;][vc_empty_space height=\u00bb300px\u00bb][vc_column_text css_animation=\u00bbfadeInLeft\u00bb css=\u00bb\u00bb]<\/p>\n<h6><b>Montevideo, 5, 6 y 7 de noviembre de 2025<\/b><\/h6>\n<p>[\/vc_column_text][vc_column_text css_animation=\u00bbfadeInLeft\u00bb css=\u00bb\u00bb]<\/p>\n<h6><span style=\"font-weight: 400;\">En el marco del <\/span><b>A\u00f1o Internacional de las Cooperativas<\/b><span style=\"font-weight: 400;\"> declarado por Naciones Unidas<\/span><\/h6>\n<p>[\/vc_column_text][vc_empty_space][\/vc_column][vc_column width=\u00bb1\/2&#8243;][\/vc_column][\/vc_row][vc_row full_width=\u00bbstretch_row\u00bb full_height=\u00bbyes\u00bb content_placement=\u00bbmiddle\u00bb parallax=\u00bbcontent-moving\u00bb parallax_image=\u00bb234&#8243; css_animation=\u00bbnone\u00bb row_title=\u00bbAcerca de\u00bb css=\u00bb.vc_custom_1747775510176{background-color: #F24C4B !important;}\u00bb el_id=\u00bbacerca-de\u00bb][vc_column width=\u00bb1\/2&#8243;][\/vc_column][vc_column width=\u00bb1\/2&#8243;][vc_empty_space height=\u00bb40px\u00bb][vc_column_text css_animation=\u00bbfadeInUp\u00bb css=\u00bb\u00bb]<\/p>\n<h1><span style=\"color: #e8c4f7;\">Acerca del 6to encuentro<\/span><\/h1>\n<p>[\/vc_column_text][vc_empty_space][vc_column_text css_animation=\u00bbfadeInUp\u00bb css=\u00bb\u00bb]<span style=\"color: #fff7ec;\">El 6to Encuentro nacional de cooperativas es organizado por la <strong>Confederaci\u00f3n Uruguaya de Entidades Cooperativas (CUDECOOP)<\/strong>, portavoz del movimiento cooperativo nacional. En este 2025, CUDECOOP se posiciona como representante clave de la econom\u00eda social, y como aliado estrat\u00e9gico para el desarrollo del pa\u00eds.<\/span>[\/vc_column_text][vc_column_text css_animation=\u00bbfadeInUp\u00bb css=\u00bb\u00bb]<span style=\"color: #fff7ec;\">El <strong>Encuentro Nacional de Cooperativas<\/strong> es el espacio m\u00e1s amplio, plural y representativo del cooperativismo uruguayo. Una instancia clave para reflexionar sobre el presente y proyectar el futuro del movimiento, construyendo colectivamente propuestas estrat\u00e9gicas para el desarrollo del pa\u00eds. Dirigido a la participaci\u00f3n de todo el cooperativismo nacional.<\/span>[\/vc_column_text][vc_column_text css_animation=\u00bbfadeInUp\u00bb css=\u00bb\u00bb]<span style=\"color: #fff7ec;\">Desde el a\u00f1o 2001, los Encuentros han sido hitos en la historia del cooperativismo nacional, articulando la reflexi\u00f3n, la acci\u00f3n gremial, la intercooperaci\u00f3n y la proyecci\u00f3n pol\u00edtica del sector.<\/span>[\/vc_column_text][vc_empty_space height=\u00bb80px\u00bb][\/vc_column][\/vc_row][vc_row full_width=\u00bbstretch_row\u00bb css=\u00bb.vc_custom_1747767464455{background-color: #FFF7EC !important;}\u00bb row_title=\u00bbParticipar\u00bb el_id=\u00bbparticipar\u00bb][vc_column][vc_empty_space height=\u00bb80px\u00bb][vc_row_inner][vc_column_inner width=\u00bb3\/4&#8243;][vc_column_text css_animation=\u00bbfadeInUp\u00bb css=\u00bb\u00bb]<\/p>\n<h1 style=\"text-align: left;\"><b>Declaraci\u00f3n Final del 6to Encuentro Nacional de Cooperativas<\/b><\/h1>\n<p>[\/vc_column_text][vc_empty_space][\/vc_column_inner][vc_column_inner width=\u00bb1\/4&#8243;][\/vc_column_inner][\/vc_row_inner][vc_btn title=\u00bbAccede al documento aqu\u00ed\u00bb style=\u00bbflat\u00bb shape=\u00bbround\u00bb color=\u00bbjuicy-pink\u00bb size=\u00bbxs\u00bb align=\u00bbleft\u00bb css_animation=\u00bbfadeInUp\u00bb css=\u00bb\u00bb link=\u00bburl:https%3A%2F%2Fcudecoop.coop%2F6toencuentro%2Fwp-content%2Fuploads%2F2025%2F11%2FCudecoop_6-Encuentro-nacional-de-cooperativas_Declaracion-final.pdf|target:_blank\u00bb][vc_empty_space height=\u00bb80px\u00bb][\/vc_column][\/vc_row][vc_row full_width=\u00bbstretch_row\u00bb row_title=\u00bbAntecedentes\u00bb css=\u00bb.vc_custom_1747423277480{background-color: #E8C4F7 !important;}\u00bb][vc_column][vc_row_inner][vc_column_inner width=\u00bb2\/3&#8243;][vc_empty_space height=\u00bb80px\u00bb][vc_column_text css_animation=\u00bbfadeInUp\u00bb css=\u00bb\u00bb]<\/p>\n<h1 style=\"text-align: left;\">Antecedentes<\/h1>\n<p>[\/vc_column_text][vc_empty_space][vc_column_text css_animation=\u00bbfadeInUp\u00bb css=\u00bb\u00bb]<\/p>\n<h5><span style=\"font-weight: 400;\">A lo largo de sus cinco ediciones anteriores, se han abordado desaf\u00edos hist\u00f3ricos, promovido leyes clave y generado espacios de unidad y proyecci\u00f3n. Estos son algunos hitos:<\/span><\/h5>\n<p>[\/vc_column_text][\/vc_column_inner][vc_column_inner width=\u00bb1\/3&#8243;][\/vc_column_inner][\/vc_row_inner][vc_row_inner equal_height=\u00bbyes\u00bb content_placement=\u00bbmiddle\u00bb][vc_column_inner width=\u00bb1\/3&#8243;][vc_single_image image=\u00bb206&#8243; img_size=\u00bbmedium\u00bb alignment=\u00bbcenter\u00bb css_animation=\u00bbfadeInLeft\u00bb css=\u00bb\u00bb][\/vc_column_inner][vc_column_inner width=\u00bb2\/3&#8243;][vc_column_text css_animation=\u00bbfadeInUp\u00bb css=\u00bb\u00bb]<\/p>\n<ul>\n<li><strong>2001<\/strong> \u2013 <em>Un nuevo cooperativismo para un nuevo Uruguay<\/em>: respuesta del sector a la crisis social y econ\u00f3mica.<\/li>\n<\/ul>\n<p>[\/vc_column_text][vc_column_text css_animation=\u00bbfadeInUp\u00bb css=\u00bb\u00bb]<\/p>\n<ul>\n<li><strong>2003<\/strong> \u2013 <em>Un Movimiento: una Ley<\/em>: impulso a la Ley General de Cooperativas.<\/li>\n<\/ul>\n<p>[\/vc_column_text][vc_column_text css_animation=\u00bbfadeInUp\u00bb css=\u00bb\u00bb]<\/p>\n<ul>\n<li><strong>2012<\/strong> \u2013 <em>Impulsando la Econom\u00eda Social<\/em>: una Agenda Renovada: en el A\u00f1o Internacional de las Cooperativas y la creaci\u00f3n de INACOOP.<\/li>\n<\/ul>\n<p>[\/vc_column_text][vc_column_text css_animation=\u00bbfadeInUp\u00bb css=\u00bb\u00bb]<\/p>\n<ul>\n<li><strong>2018<\/strong> \u2013 <em>Desaf\u00edos del Cooperativismo uruguayo hacia el 2030<\/em>, homenaje a Miguel Cardozo.<\/li>\n<\/ul>\n<p>[\/vc_column_text][vc_column_text css_animation=\u00bbfadeInUp\u00bb css=\u00bb\u00bb]<\/p>\n<ul>\n<li><strong>2022<\/strong> \u2013 <em>A 20 a\u00f1os de la Recomendaci\u00f3n 193 de la OIT<\/em>: reconstrucci\u00f3n post pandemia y compromiso global.<\/li>\n<\/ul>\n<p>[\/vc_column_text][\/vc_column_inner][\/vc_row_inner][\/vc_column][\/vc_row][vc_row full_width=\u00bbstretch_row\u00bb row_title=\u00bbPor que\u00bb css=\u00bb.vc_custom_1747423309019{background-color: #E8C4F7 !important;}\u00bb][vc_column][vc_empty_space height=\u00bb80px\u00bb][vc_column_text css=\u00bb\u00bb]<\/p>\n<h2 style=\"text-align: left;\">\u00bfPor qu\u00e9 este 6to Encuentro?<\/h2>\n<p>[\/vc_column_text][vc_row_inner][vc_column_inner width=\u00bb2\/3&#8243;][vc_column_text css_animation=\u00bbfadeInUp\u00bb css=\u00bb\u00bb]<span style=\"font-weight: 400;\">En 2025, nuevamente en un <\/span><b>A\u00f1o Internacional de las Cooperativas<\/b><span style=\"font-weight: 400;\">, el movimiento enfrenta un escenario desafiante y estrat\u00e9gico:<\/span>[\/vc_column_text][\/vc_column_inner][vc_column_inner width=\u00bb1\/3&#8243;][\/vc_column_inner][\/vc_row_inner][vc_row_inner equal_height=\u00bbyes\u00bb content_placement=\u00bbmiddle\u00bb][vc_column_inner width=\u00bb1\/3&#8243;][vc_single_image image=\u00bb74&#8243; img_size=\u00bbmedium\u00bb alignment=\u00bbcenter\u00bb css_animation=\u00bbfadeInLeft\u00bb css=\u00bb\u00bb][\/vc_column_inner][vc_column_inner width=\u00bb2\/3&#8243;][vc_column_text css_animation=\u00bbfadeInUp\u00bb css=\u00bb\u00bb]<\/p>\n<ul>\n<li>Un nuevo ciclo pol\u00edtico nacional requiere propuestas s\u00f3lidas desde el cooperativismo.<\/li>\n<\/ul>\n<p>[\/vc_column_text][vc_column_text css_animation=\u00bbfadeInUp\u00bb css=\u00bb\u00bb]<\/p>\n<ul>\n<li>CUDECOOP inicia un nuevo proceso de planificaci\u00f3n 2025\u20132027 que convoca al conjunto del sector.<\/li>\n<\/ul>\n<p>[\/vc_column_text][vc_column_text css_animation=\u00bbfadeInUp\u00bb css=\u00bb\u00bb]<\/p>\n<ul>\n<li>El mundo atraviesa complejidades sociales, econ\u00f3micas y ambientales que exigen respuestas colectivas e innovadoras.<\/li>\n<\/ul>\n<p>[\/vc_column_text][\/vc_column_inner][\/vc_row_inner][vc_row_inner][vc_column_inner width=\u00bb1\/6&#8243;][\/vc_column_inner][vc_column_inner width=\u00bb2\/3&#8243;][vc_empty_space height=\u00bb60px\u00bb][vc_column_text css_animation=\u00bbfadeInUp\u00bb css=\u00bb\u00bb]<\/p>\n<h3 style=\"text-align: center;\"><strong><span style=\"color: #f24c4b;\">El 6to Encuentro ser\u00e1 el espacio para renovar el compromiso cooperativo con el pa\u00eds y el planeta.<\/span><\/strong><\/h3>\n<p>[\/vc_column_text][\/vc_column_inner][vc_column_inner width=\u00bb1\/6&#8243;][\/vc_column_inner][\/vc_row_inner][vc_empty_space][\/vc_column][\/vc_row][vc_row full_width=\u00bbstretch_row\u00bb full_height=\u00bbyes\u00bb content_placement=\u00bbmiddle\u00bb parallax=\u00bbcontent-moving\u00bb parallax_image=\u00bb90&#8243; parallax_speed_bg=\u00bb1.2&#8243; css=\u00bb.vc_custom_1747772535358{background-color: #F24C4B !important;}\u00bb row_title=\u00bbobjetivo\u00bb el_id=\u00bbobjetivo\u00bb][vc_column width=\u00bb2\/3&#8243;][vc_empty_space height=\u00bb80px\u00bb][vc_column_text css_animation=\u00bbfadeInUp\u00bb css=\u00bb\u00bb]<\/p>\n<h1 style=\"text-align: left;\"><span style=\"color: #fff7ec;\">Objetivo general<\/span><\/h1>\n<p>[\/vc_column_text][vc_empty_space height=\u00bb80px\u00bb][vc_column_text css_animation=\u00bbfadeInUp\u00bb css=\u00bb\u00bb]<\/p>\n<h3><span style=\"color: #fff7ec;\">Fortalecer el posicionamiento del movimiento cooperativo uruguayo como actor estrat\u00e9gico de la econom\u00eda social, a trav\u00e9s del di\u00e1logo interno, la articulaci\u00f3n gremial y la incidencia p\u00fablica.<\/span><\/h3>\n<p>[\/vc_column_text][vc_empty_space height=\u00bb80px\u00bb][\/vc_column][vc_column width=\u00bb1\/3&#8243;][\/vc_column][\/vc_row][vc_row full_width=\u00bbstretch_row\u00bb css=\u00bb.vc_custom_1761673682885{background-color: #FFF7EC !important;}\u00bb row_title=\u00bbEjes\u00bb el_id=\u00bbejes\u00bb][vc_column][vc_empty_space height=\u00bb120px\u00bb][vc_column_text css_animation=\u00bbfadeInUp\u00bb css=\u00bb\u00bb]<\/p>\n<h1>Ejes de discusi\u00f3n<\/h1>\n<p>[\/vc_column_text][vc_empty_space height=\u00bb40px\u00bb][vc_column_text css_animation=\u00bbfadeInUp\u00bb css=\u00bb\u00bb]<\/p>\n<h5>Estos ser\u00e1n los ejes tem\u00e1ticos que estructurar\u00e1n los debates, talleres y plenarios del Encuentro:<\/h5>\n<p>[\/vc_column_text][vc_empty_space height=\u00bb80px\u00bb][vc_row_inner][vc_column_inner width=\u00bb1\/3&#8243;][vc_column_text css_animation=\u00bbfadeInUp\u00bb css=\u00bb\u00bb]<\/p>\n<h3>El impacto del cooperativismo en la econom\u00eda y sociedad uruguaya<\/h3>\n<p>[\/vc_column_text][vc_btn title=\u00bbVer m\u00e1s\u00bb style=\u00bbflat\u00bb shape=\u00bbround\u00bb color=\u00bbjuicy-pink\u00bb size=\u00bbxs\u00bb align=\u00bbleft\u00bb css_animation=\u00bbfadeInUp\u00bb css=\u00bb\u00bb link=\u00bburl:https%3A%2F%2Fcudecoop.coop%2F6toencuentro%2Fwp-content%2Fuploads%2F2025%2F11%2FCudecoop_6-Encuentro-nacional-de-cooperativas_Eje_Economia.pdf|target:_blank\u00bb][\/vc_column_inner][vc_column_inner width=\u00bb1\/3&#8243;][vc_column_text css_animation=\u00bbfadeInUp\u00bb css=\u00bb\u00bb]<\/p>\n<h3>La identidad cooperativa como base para la acci\u00f3n gremial y pol\u00edtica<\/h3>\n<p>[\/vc_column_text][vc_btn title=\u00bbVer m\u00e1s\u00bb style=\u00bbflat\u00bb shape=\u00bbround\u00bb color=\u00bbjuicy-pink\u00bb size=\u00bbxs\u00bb align=\u00bbleft\u00bb css_animation=\u00bbfadeInUp\u00bb css=\u00bb\u00bb link=\u00bburl:https%3A%2F%2Fcudecoop.coop%2F6toencuentro%2Fwp-content%2Fuploads%2F2025%2F09%2FCudecoop_6-Encuentro-nacional-de-cooperativas_Eje_Identidad.pdf|target:_blank\u00bb][\/vc_column_inner][vc_column_inner width=\u00bb1\/3&#8243;][vc_column_text css_animation=\u00bbfadeInUp\u00bb css=\u00bb\u00bb]<\/p>\n<h3>La innovaci\u00f3n como motor de desarrollo para el cooperativismo<\/h3>\n<p>[\/vc_column_text][vc_btn title=\u00bbVer m\u00e1s\u00bb style=\u00bbflat\u00bb shape=\u00bbround\u00bb color=\u00bbjuicy-pink\u00bb size=\u00bbxs\u00bb align=\u00bbleft\u00bb css_animation=\u00bbfadeInUp\u00bb css=\u00bb\u00bb link=\u00bburl:https%3A%2F%2Fcudecoop.coop%2F6toencuentro%2Fwp-content%2Fuploads%2F2025%2F11%2FCudecoop_6-Encuentro-nacional-de-cooperativas_Eje_Innovacion.pdf|target:_blank\u00bb][\/vc_column_inner][\/vc_row_inner][vc_empty_space height=\u00bb80px\u00bb][\/vc_column][\/vc_row][vc_row full_width=\u00bbstretch_row\u00bb row_title=\u00bbEjes\u00bb css=\u00bb.vc_custom_1750863612625{background-color: #E8C4F7 !important;}\u00bb el_id=\u00bbterritoriales\u00bb][vc_column offset=\u00bbvc_hidden-xs\u00bb][vc_empty_space height=\u00bb80px\u00bb][vc_column_text css_animation=\u00bbfadeInUp\u00bb css=\u00bb\u00bb]<\/p>\n<h2>\u00bfC\u00f3mo se desarrollar\u00e1?<\/h2>\n<p>[\/vc_column_text][vc_empty_space height=\u00bb40px\u00bb][vc_column_text css_animation=\u00bbfadeInUp\u00bb css=\u00bb\u00bb]<\/p>\n<h5>El Encuentro ser\u00e1 el punto culminante de un proceso de participaci\u00f3n nacional que se desplegar\u00e1 en <strong>tres etapas<\/strong>:<\/h5>\n<p>[\/vc_column_text][vc_empty_space height=\u00bb80px\u00bb][vc_row_inner][vc_column_inner width=\u00bb1\/3&#8243;][vc_column_text css_animation=\u00bbfadeInUp\u00bb css=\u00bb\u00bb]<\/p>\n<h3>Etapa<\/h3>\n<p>[\/vc_column_text][vc_separator color=\u00bbjuicy_pink\u00bb css_animation=\u00bbfadeInUp\u00bb css=\u00bb\u00bb][\/vc_column_inner][vc_column_inner width=\u00bb1\/3&#8243;][vc_column_text css_animation=\u00bbfadeInUp\u00bb css=\u00bb\u00bb]<\/p>\n<h3>Descripci\u00f3n<\/h3>\n<p>[\/vc_column_text][vc_separator color=\u00bbjuicy_pink\u00bb css_animation=\u00bbfadeInUp\u00bb css=\u00bb\u00bb][\/vc_column_inner][vc_column_inner width=\u00bb1\/3&#8243;][vc_column_text css_animation=\u00bbfadeInUp\u00bb css=\u00bb\u00bb]<\/p>\n<h3>Cronograma<\/h3>\n<p>[\/vc_column_text][vc_separator color=\u00bbjuicy_pink\u00bb css_animation=\u00bbfadeInUp\u00bb css=\u00bb\u00bb][\/vc_column_inner][\/vc_row_inner][vc_row_inner][vc_column_inner width=\u00bb1\/3&#8243;][vc_column_text css_animation=\u00bbfadeInUp\u00bb css=\u00bb\u00bb]<\/p>\n<h4><span style=\"color: #000000;\">1. Encuentros Territoriales y Sectoriales<\/span><\/h4>\n<p>[\/vc_column_text][\/vc_column_inner][vc_column_inner width=\u00bb1\/3&#8243;][vc_column_text css_animation=\u00bbfadeInUp\u00bb css=\u00bb\u00bb]<\/p>\n<h6>Espacios participativos en todo el pa\u00eds para aportar al documento base<\/h6>\n<p>[\/vc_column_text][\/vc_column_inner][vc_column_inner width=\u00bb1\/3&#8243;][vc_column_text css_animation=\u00bbfadeInUp\u00bb css=\u00bb\u00bb]<\/p>\n<h6>5 de julio en San Jos\u00e9<\/h6>\n<h6>31 de julio en Paysand\u00fa<\/h6>\n<h6>2 de agosto en Maldonado<\/h6>\n<p>[\/vc_column_text][\/vc_column_inner][\/vc_row_inner][vc_row_inner][vc_column_inner width=\u00bb1\/3&#8243;][vc_column_text css_animation=\u00bbfadeInUp\u00bb css=\u00bb\u00bb]<\/p>\n<h4><span style=\"color: #000000;\">2. Sistematizaci\u00f3n<\/span><\/h4>\n<p>[\/vc_column_text][\/vc_column_inner][vc_column_inner width=\u00bb1\/3&#8243;][vc_column_text css_animation=\u00bbfadeInUp\u00bb css=\u00bb\u00bb]<\/p>\n<h6>Recolecci\u00f3n, an\u00e1lisis y consolidaci\u00f3n de aportes<\/h6>\n<p>[\/vc_column_text][\/vc_column_inner][vc_column_inner width=\u00bb1\/3&#8243;][vc_column_text css_animation=\u00bbfadeInUp\u00bb css=\u00bb\u00bb]<\/p>\n<h6>Octubre 2025<\/h6>\n<p>[\/vc_column_text][\/vc_column_inner][\/vc_row_inner][vc_row_inner][vc_column_inner width=\u00bb1\/3&#8243;][vc_column_text css_animation=\u00bbfadeInUp\u00bb css=\u00bb\u00bb]<\/p>\n<h4><span style=\"color: #000000;\">3. Encuentro Nacional<\/span><\/h4>\n<p>[\/vc_column_text][\/vc_column_inner][vc_column_inner width=\u00bb1\/3&#8243;][vc_column_text css_animation=\u00bbfadeInUp\u00bb css=\u00bb\u00bb]<\/p>\n<h6>Evento central en Montevideo, con participaci\u00f3n de todo el movimiento cooperativo<\/h6>\n<p>[\/vc_column_text][\/vc_column_inner][vc_column_inner width=\u00bb1\/3&#8243;][vc_column_text css_animation=\u00bbfadeInUp\u00bb css=\u00bb\u00bb]<\/p>\n<h6>5, 6 y 7 de Noviembre 2025<\/h6>\n<p>[\/vc_column_text][\/vc_column_inner][\/vc_row_inner][vc_empty_space][vc_btn title=\u00bbConoc\u00e9 la agenda completa\u00bb style=\u00bbflat\u00bb shape=\u00bbround\u00bb color=\u00bbjuicy-pink\u00bb size=\u00bbxs\u00bb align=\u00bbcenter\u00bb css_animation=\u00bbfadeInUp\u00bb css=\u00bb\u00bb link=\u00bburl:https%3A%2F%2Fcudecoop.coop%2F6toencuentro%2Fagenda%2F|title:Agenda\u00bb][vc_empty_space height=\u00bb80px\u00bb][\/vc_column][\/vc_row][vc_row full_width=\u00bbstretch_row\u00bb row_title=\u00bbEjes\u00bb css=\u00bb.vc_custom_1747423318688{background-color: #E8C4F7 !important;}\u00bb][vc_column offset=\u00bbvc_hidden-lg vc_hidden-md vc_hidden-sm\u00bb][vc_empty_space height=\u00bb80px\u00bb][vc_column_text css_animation=\u00bbfadeInUp\u00bb css=\u00bb\u00bb]<\/p>\n<h2>\u00bfC\u00f3mo se desarrollar\u00e1?<\/h2>\n<p>[\/vc_column_text][vc_empty_space height=\u00bb40px\u00bb][vc_column_text css_animation=\u00bbfadeInUp\u00bb css=\u00bb\u00bb]<\/p>\n<h5>El Encuentro ser\u00e1 el punto culminante de un proceso de participaci\u00f3n nacional que se desplegar\u00e1 en <strong>tres etapas<\/strong>:<\/h5>\n<p>[\/vc_column_text][vc_empty_space height=\u00bb40px\u00bb][vc_row_inner][vc_column_inner][vc_column_text css_animation=\u00bbfadeInUp\u00bb css=\u00bb\u00bb]<\/p>\n<h3>Etapa 1<\/h3>\n<h4><strong><span style=\"color: #000000;\">Encuentros Territoriales y Sectoriales<\/span><\/strong><\/h4>\n<p>[\/vc_column_text][vc_column_text css_animation=\u00bbfadeInUp\u00bb css=\u00bb\u00bb]<\/p>\n<h3>Descripci\u00f3n<\/h3>\n<p>[\/vc_column_text][vc_column_text css_animation=\u00bbfadeInUp\u00bb css=\u00bb\u00bb]<\/p>\n<h6>Espacios participativos en todo el pa\u00eds para aportar al documento base<\/h6>\n<p>[\/vc_column_text][vc_column_text css_animation=\u00bbfadeInUp\u00bb css=\u00bb\u00bb]<\/p>\n<h3>Cronograma<\/h3>\n<p>[\/vc_column_text][vc_column_text css_animation=\u00bbfadeInUp\u00bb css=\u00bb\u00bb]<\/p>\n<h6>31 de julio en Paysand\u00fa<br \/>\n21 de junio en Maldonado<br \/>\n5 de julio en San Jos\u00e9<\/h6>\n<p>[\/vc_column_text][vc_separator color=\u00bbjuicy_pink\u00bb css_animation=\u00bbfadeInUp\u00bb css=\u00bb\u00bb][vc_column_text css_animation=\u00bbfadeInUp\u00bb css=\u00bb\u00bb]<\/p>\n<h3>Etapa 2<\/h3>\n<h4><strong><span style=\"color: #000000;\">Sistematizaci\u00f3n<\/span><\/strong><\/h4>\n<p>[\/vc_column_text][vc_column_text css_animation=\u00bbfadeInUp\u00bb css=\u00bb\u00bb]<\/p>\n<h3>Descripci\u00f3n<\/h3>\n<p>[\/vc_column_text][vc_column_text css_animation=\u00bbfadeInUp\u00bb css=\u00bb\u00bb]<\/p>\n<h6>Recolecci\u00f3n, an\u00e1lisis y consolidaci\u00f3n de aportes<\/h6>\n<p>[\/vc_column_text][vc_column_text css_animation=\u00bbfadeInUp\u00bb css=\u00bb\u00bb]<\/p>\n<h3>Cronograma<\/h3>\n<p>[\/vc_column_text][vc_column_text css_animation=\u00bbfadeInUp\u00bb css=\u00bb\u00bb]<\/p>\n<h6>Octubre 2025<\/h6>\n<p>[\/vc_column_text][vc_separator color=\u00bbjuicy_pink\u00bb css_animation=\u00bbfadeInUp\u00bb css=\u00bb\u00bb][vc_column_text css_animation=\u00bbfadeInUp\u00bb css=\u00bb\u00bb]<\/p>\n<h3>Etapa 3<\/h3>\n<h4><strong><span style=\"color: #000000;\">Encuentro Nacional<\/span><\/strong><\/h4>\n<p>[\/vc_column_text][vc_column_text css_animation=\u00bbfadeInUp\u00bb css=\u00bb\u00bb]<\/p>\n<h3>Descripci\u00f3n<\/h3>\n<p>[\/vc_column_text][vc_column_text css_animation=\u00bbfadeInUp\u00bb css=\u00bb\u00bb]<\/p>\n<h6>Evento central en Montevideo, con participaci\u00f3n de todo el movimiento cooperativo<\/h6>\n<p>[\/vc_column_text][vc_column_text css_animation=\u00bbfadeInUp\u00bb css=\u00bb\u00bb]<\/p>\n<h3>Cronograma<\/h3>\n<p>[\/vc_column_text][vc_column_text css_animation=\u00bbfadeInUp\u00bb css=\u00bb\u00bb]<\/p>\n<h6>6 y 7 de Noviembre 2025<\/h6>\n<p>[\/vc_column_text][vc_empty_space][vc_btn title=\u00bbConoc\u00e9 la agenda completa\u00bb style=\u00bbflat\u00bb shape=\u00bbround\u00bb color=\u00bbjuicy-pink\u00bb size=\u00bbxs\u00bb align=\u00bbcenter\u00bb css_animation=\u00bbfadeInUp\u00bb css=\u00bb\u00bb link=\u00bburl:https%3A%2F%2Fcudecoop.coop%2F6toencuentro%2Fagenda%2F|title:Agenda\u00bb][vc_empty_space height=\u00bb80px\u00bb][\/vc_column_inner][\/vc_row_inner][\/vc_column][\/vc_row][vc_row full_width=\u00bbstretch_row\u00bb css=\u00bb.vc_custom_1747425816900{background-color: #F24C4B !important;}\u00bb row_title=\u00bbSeguinos\u00bb][vc_column width=\u00bb2\/3&#8243;][vc_empty_space height=\u00bb120px\u00bb][vc_column_text css_animation=\u00bbfadeInUp\u00bb css=\u00bb\u00bb]<\/p>\n<h1 style=\"text-align: left;\"><span style=\"color: #e8c4f7;\">Seguinos<\/span><\/h1>\n<p>[\/vc_column_text][vc_empty_space height=\u00bb34px\u00bb][vc_column_text css_animation=\u00bbfadeInUp\u00bb css=\u00bb\u00bb]<\/p>\n<h3><span style=\"color: #fff7ec;\">Mantenete al tanto de todas las novedades en nuestras redes y compart\u00ed tus ideas usando el hashtag <strong>#EncuentroCooperativo2025<\/strong><\/span><\/h3>\n<p>[\/vc_column_text][vc_empty_space height=\u00bb34px\u00bb][lab_vc_social_networks display_type=\u00bbrounded-icons\u00bb colored=\u00bbtext\u00bb][vc_empty_space height=\u00bb120px\u00bb][\/vc_column][vc_column width=\u00bb1\/3&#8243;][\/vc_column][\/vc_row][vc_section][vc_row full_width=\u00bbstretch_row\u00bb row_title=\u00bbApoyan\u00bb css=\u00bb.vc_custom_1761059735434{background-color: #FFF7EC !important;}\u00bb][vc_column][vc_empty_space height=\u00bb80px\u00bb][vc_column_text css_animation=\u00bbfadeInUp\u00bb css=\u00bb\u00bb]<\/p>\n<h1 style=\"text-align: center;\"><span style=\"color: #f24c4b;\">Apoyan<\/span><\/h1>\n<p>[\/vc_column_text][vc_single_image image=\u00bb305&#8243; img_size=\u00bbfull\u00bb alignment=\u00bbcenter\u00bb css=\u00bb\u00bb][vc_empty_space height=\u00bb80px\u00bb][vc_column_text css_animation=\u00bbfadeInUp\u00bb css=\u00bb\u00bb]<\/p>\n<h1 style=\"text-align: center;\">Declarado de inter\u00e9s por<\/h1>\n<p>[\/vc_column_text][vc_single_image image=\u00bb293&#8243; img_size=\u00bbfull\u00bb css=\u00bb\u00bb][\/vc_column][\/vc_row][\/vc_section]<\/p>\n<\/div>","protected":false},"excerpt":{"rendered":"<p>[vc_row full_width=\u00bbstretch_row\u00bb full_height=\u00bbyes\u00bb content_placement=\u00bbmiddle\u00bb parallax=\u00bbcontent-moving\u00bb parallax_image=\u00bb209&#8243; css_animation=\u00bbnone\u00bb css=\u00bb.vc_custom_1747772797699{background-color: #E8C4F7 !important;}\u00bb][vc_column width=\u00bb1\/2&#8243;][vc_empty_space height=\u00bb300px\u00bb][vc_column_text css_animation=\u00bbfadeInLeft\u00bb css=\u00bb\u00bb] Montevideo, 5, 6 y 7 de noviembre de 2025 [\/vc_column_text][vc_column_text css_animation=\u00bbfadeInLeft\u00bb css=\u00bb\u00bb] En el marco del A\u00f1o Internacional de las Cooperativas declarado por Naciones Unidas [\/vc_column_text][vc_empty_space][\/vc_column][vc_column width=\u00bb1\/2&#8243;][\/vc_column][\/vc_row][vc_row full_width=\u00bbstretch_row\u00bb full_height=\u00bbyes\u00bb content_placement=\u00bbmiddle\u00bb parallax=\u00bbcontent-moving\u00bb parallax_image=\u00bb234&#8243; css_animation=\u00bbnone\u00bb row_title=\u00bbAcerca de\u00bb css=\u00bb.vc_custom_1747775510176{background-color: #F24C4B !important;}\u00bb el_id=\u00bbacerca-de\u00bb][vc_column width=\u00bb1\/2&#8243;][\/vc_column][vc_column width=\u00bb1\/2&#8243;][vc_empty_space&hellip;<\/p>\n","protected":false},"author":2,"featured_media":0,"parent":0,"menu_order":0,"comment_status":"closed","ping_status":"closed","template":"","meta":{"_acf_changed":false,"footnotes":""},"class_list":["post-57","page","type-page","status-publish","hentry"],"acf":[],"_links":{"self":[{"href":"https:\/\/cudecoop.coop\/6toencuentro\/wp-json\/wp\/v2\/pages\/57","targetHints":{"allow":["GET"]}}],"collection":[{"href":"https:\/\/cudecoop.coop\/6toencuentro\/wp-json\/wp\/v2\/pages"}],"about":[{"href":"https:\/\/cudecoop.coop\/6toencuentro\/wp-json\/wp\/v2\/types\/page"}],"author":[{"embeddable":true,"href":"https:\/\/cudecoop.coop\/6toencuentro\/wp-json\/wp\/v2\/users\/2"}],"replies":[{"embeddable":true,"href":"https:\/\/cudecoop.coop\/6toencuentro\/wp-json\/wp\/v2\/comments?post=57"}],"version-history":[{"count":105,"href":"https:\/\/cudecoop.coop\/6toencuentro\/wp-json\/wp\/v2\/pages\/57\/revisions"}],"predecessor-version":[{"id":315,"href":"https:\/\/cudecoop.coop\/6toencuentro\/wp-json\/wp\/v2\/pages\/57\/revisions\/315"}],"wp:attachment":[{"href":"https:\/\/cudecoop.coop\/6toencuentro\/wp-json\/wp\/v2\/media?parent=57"}],"curies":[{"name":"wp","href":"https:\/\/api.w.org\/{rel}","templated":true}]}}